{"id":198,"date":"2025-01-04T10:27:32","date_gmt":"2025-01-04T09:27:32","guid":{"rendered":"http:\/\/85.215.198.111\/?page_id=198"},"modified":"2025-12-28T09:37:59","modified_gmt":"2025-12-28T08:37:59","slug":"zugangs-moeglichkeiten-zum-funknetz-celle","status":"publish","type":"page","link":"http:\/\/85.215.198.111\/?page_id=198","title":{"rendered":"Zugangs M\u00f6glichkeiten zum Funknetz-Celle"},"content":{"rendered":"\n<p class=\"has-contrast-color has-text-color has-link-color wp-elements-60bf8c67e2b6a9a3c02661d382b116e1\"><\/p>\n\n\n\n<p class=\"has-contrast-color has-text-color has-link-color wp-elements-abb1ecd2317d30664535073ed76add98\"><strong>Lokal in Celle \u00fcber HF  :<\/strong><\/p>\n\n\n\n<ul class=\"wp-block-list\">\n<li>430,050MHz Simplex FM z.Z. kein CTCSS bei bedarf wird es 77Hz<\/li>\n\n\n\n<li>438,175MHz Simplex<strong> Zur Zeit abgeschaltet, aufgrund mangelnder Nutzung, kann aber jederzeit kurzfristig wieder aktiviert werden.<\/strong>\n<ul class=\"wp-block-list\">\n<li>C4FM , keine besonderen Einstellungen.<\/li>\n\n\n\n<li>D-Star , Repeater 1 DL2OAM_B, Repeater 2 DL2OAM_G, an CQCQCQ senden, Wichtig Funkger\u00e4t auf Duplex oder Repeater und Repeatershift auf 0. Mit Simplex geht es nicht.<\/li>\n\n\n\n<li>alle gleichberechtigt. 20 Sekunden Hangtime, in der ein Umschalten der Modulationsart nicht m\u00f6glich ist.<\/li>\n<\/ul>\n<\/li>\n\n\n\n<li>145,475MHz Simplex FM z.Z. kein CTCSS, Zugang nur wenn auf der Dashboard Seite aktiviert ist.<\/li>\n\n\n\n<li>28,475MHz Simplex SSB, nur Zeitweise aktiv ( z.B. Sonntags 10:00 Uhr Lokalzeit OV-Runde, oder nach Absprache )<\/li>\n<\/ul>\n\n\n\n<p class=\"has-contrast-color has-text-color has-link-color wp-elements-b6224d6dc215335e80d4ff0b64b71935\"><strong>Von \u00fcberall aus bei passenden Zug\u00e4ngen :<\/strong><\/p>\n\n\n\n<ul class=\"wp-block-list\">\n<li>FM-Funknetz TG 26235, bei eigenem HotSpot Registrierung erforderlich.<\/li>\n\n\n\n<li>Funknetz-Celle TG 26235, bei eigenem HotSpot Registrierung erforderlich.<\/li>\n\n\n\n<li>Echolink DL2OAM-L Funknetz-Celle  Node 201989<\/li>\n\n\n\n<li>Brandmeister-DMR Funknetz-Celle TG 26334<\/li>\n\n\n\n<li>C4FM Reflector DE Funknetz-CE \/ Funknetz-Celle YSF26334<\/li>\n\n\n\n<li>P25 Reflector Funknetz-Celle 26334<\/li>\n\n\n\n<li>NXDN Reflector Funknetz-Celle 26235<\/li>\n\n\n\n<li>M17 Reflector Funknetz-Celle M17-CEL A<\/li>\n\n\n\n<li>D-Star Reflector Funknetz-Celle XRFCEL A, DCSCEL A, REFCEL A, XLXCEL A<\/li>\n\n\n\n<li>Teamspeak 3, Zello, Free-DMR aus FM-Funknetz TG 26235, \u00fcber das Funkerportal.de , Registrierung erforderlich.<\/li>\n\n\n\n<li>Was fehlt noch wichtiges?<\/li>\n<\/ul>\n\n\n\n<p><\/p>\n","protected":false},"excerpt":{"rendered":"<p>Lokal in Celle \u00fcber HF : Von \u00fcberall aus bei passenden Zug\u00e4ngen :<\/p>\n","protected":false},"author":1,"featured_media":0,"parent":0,"menu_order":0,"comment_status":"closed","ping_status":"closed","template":"","meta":{"footnotes":""},"class_list":["post-198","page","type-page","status-publish","hentry"],"_links":{"self":[{"href":"http:\/\/85.215.198.111\/index.php?rest_route=\/wp\/v2\/pages\/198","targetHints":{"allow":["GET"]}}],"collection":[{"href":"http:\/\/85.215.198.111\/index.php?rest_route=\/wp\/v2\/pages"}],"about":[{"href":"http:\/\/85.215.198.111\/index.php?rest_route=\/wp\/v2\/types\/page"}],"author":[{"embeddable":true,"href":"http:\/\/85.215.198.111\/index.php?rest_route=\/wp\/v2\/users\/1"}],"replies":[{"embeddable":true,"href":"http:\/\/85.215.198.111\/index.php?rest_route=%2Fwp%2Fv2%2Fcomments&post=198"}],"version-history":[{"count":11,"href":"http:\/\/85.215.198.111\/index.php?rest_route=\/wp\/v2\/pages\/198\/revisions"}],"predecessor-version":[{"id":285,"href":"http:\/\/85.215.198.111\/index.php?rest_route=\/wp\/v2\/pages\/198\/revisions\/285"}],"wp:attachment":[{"href":"http:\/\/85.215.198.111\/index.php?rest_route=%2Fwp%2Fv2%2Fmedia&parent=198"}],"curies":[{"name":"wp","href":"https:\/\/api.w.org\/{rel}","templated":true}]}}